{"id":3,"date":"2020-05-11T16:19:58","date_gmt":"2020-05-11T08:19:58","guid":{"rendered":"http:\/\/www.grano-heat.com\/?page_id=3"},"modified":"2020-05-11T16:31:49","modified_gmt":"2020-05-11T08:31:49","slug":"privacy-policy","status":"publish","type":"page","link":"https:\/\/www.grano-heat.com\/fr\/privacy-policy\/","title":{"rendered":"Politique de confidentialit\u00e9"},"content":{"rendered":"<h2 class=\"wp-block-heading\">Commentaires sur : API-Schmidt<\/h2>\r\n\r\n\r\n\r\n<p>\u6211\u4eec\u7684\u7ad9\u70b9\u5730\u5740\u662f\uff1ahttp:\/\/www.grano-heat.com\u3002<\/p>\r\n\r\n\r\n\r\n<h2 class=\"wp-block-heading\">Commentaires sur : Funke<\/h2>\r\n\r\n\r\n\r\n<h3 class=\"wp-block-heading\">lun, 25 ao\u00fbt 2025 07:02:59 0000<\/h3>\r\n\r\n\r\n\r\n<p>Commentaires sur : Sondex<\/p>\r\n\r\n\r\n\r\n<p>\u7531\u60a8\u7684\u7535\u5b50\u90ae\u4ef6\u5730\u5740\u6240\u751f\u6210\u7684\u533f\u540d\u5316\u5b57\u7b26\u4e32\uff08\u53c8\u79f0\u4e3a\u54c8\u5e0c\uff09\u53ef\u80fd\u4f1a\u88ab\u63d0\u4f9b\u7ed9Gravatar\u670d\u52a1\u786e\u8ba4\u60a8\u662f\u5426\u6709\u4f7f\u7528\u8be5\u670d\u52a1\u3002Gravatar\u670d\u52a1\u7684\u9690\u79c1\u653f\u7b56\u5728\u6b64\uff1ahttps:\/\/automattic.com\/privacy\/\u3002\u5728\u60a8\u7684\u8bc4\u8bba\u83b7\u6279\u51c6\u540e\uff0c\u60a8\u7684\u8d44\u6599\u56fe\u7247\u5c06\u5728\u60a8\u7684\u8bc4\u8bba\u65c1\u516c\u5f00\u5c55\u793a\u3002<\/p>\r\n\r\n\r\n\r\n<h3 class=\"wp-block-heading\">Commentaires sur : SWEP-TRANTER<\/h3>\r\n\r\n\r\n\r\n<p>lun, 25 ao\u00fbt 2025 07:14:36 0000<\/p>\r\n\r\n\r\n\r\n<h3 class=\"wp-block-heading\">Commentaires sur : Thermowave<\/h3>\r\n\r\n\r\n\r\n<h3 class=\"wp-block-heading\">Commentaires sur : ALFA LAVAL<\/h3>\r\n\r\n\r\n\r\n<p>Commentaires sur : API-Schmidt<\/p>\r\n\r\n\r\n\r\n<p>Commentaires sur : Funke<\/p>\r\n\r\n\r\n\r\n<p>Commentaires sur : Sondex<\/p>\r\n\r\n\r\n\r\n<p>Commentaires sur : SWEP-TRANTER<\/p>\r\n\r\n\r\n\r\n<h3 class=\"wp-block-heading\">Commentaires sur : Thermowave<\/h3>\r\n\r\n\r\n\r\n<p>\u8bc4\u8bba\uff1a\u948e\u710a\u677f\u5f0f\u6362\u70ed\u5668<\/p>\r\n\r\n\r\n\r\n<p>\u00c9changeur de chaleur \u00e0 plaque bras\u00e9e \u092a\u0930 \u091f\u093f\u092a\u094d\u092a\u0923\u093f\u092f\u093e\u0901<\/p>\r\n\r\n\r\n\r\n<h3 class=\"wp-block-heading\">Commentaires sur: \u00c9changeur de chaleur \u00e0 plaque bras\u00e9e<\/h3>\r\n\r\n\r\n\r\n<h2 class=\"wp-block-heading\">Brazed Plate Heat Exchanger  Commentaires \u00e0<\/h2>\r\n\r\n\r\n\r\n<h2 class=\"wp-block-heading\">Commentaires sur: \u00c9changeur de chaleur \u00e0 plaque bras\u00e9e<\/h2>\r\n\r\n\r\n\r\n<p>Commentaires: \u00c9changeur de chaleur \u00e0 plaque bras\u00e9e<\/p>\r\n\r\n\r\n\r\n<p>\u8bc4\u8bba\uff1a\u963f\u5c14\u6cd5\u62c9\u74e6\u5c14<\/p>\r\n\r\n\r\n\r\n<h2 class=\"wp-block-heading\">\u8bc4\u8bba\uff1aAPI Schmidt<\/h2>\r\n\r\n\r\n\r\n<p>\u8bc4\u8bba\uff1aFunke<\/p>\r\n\r\n\r\n\r\n<h2 class=\"wp-block-heading\">\u8bc4\u8bba\uff1aSondex<\/h2>\r\n\r\n\r\n\r\n<p>\u8bc4\u8bba\uff1aSwep Tranter<\/p>\r\n\r\n\r\n\r\n<h2 class=\"wp-block-heading\">\u8bc4\u8bba\uff1aThermowave<\/h2>\r\n\r\n\r\n\r\n<h2 class=\"wp-block-heading\">ALFA LAVAL \u092a\u0930 \u091f\u093f\u092a\u094d\u092a\u0923\u093f\u092f\u093e\u0901<\/h2>\r\n\r\n\r\n\r\n<h3 class=\"wp-block-heading\">API-Schmidt \u092a\u0930 \u091f\u093f\u092a\u094d\u092a\u0923\u093f\u092f\u093e\u0901<\/h3>\r\n\r\n\r\n\r\n<h3 class=\"wp-block-heading\">Funke \u092a\u0930 \u091f\u093f\u092a\u094d\u092a\u0923\u093f\u092f\u093e\u0901<\/h3>\r\n\r\n\r\n\r\n<h3 class=\"wp-block-heading\">Sondex \u092a\u0930 \u091f\u093f\u092a\u094d\u092a\u0923\u093f\u092f\u093e\u0901<\/h3>\r\n\r\n\r\n\r\n<h3 class=\"wp-block-heading\">SWEP-TRANTER \u092a\u0930 \u091f\u093f\u092a\u094d\u092a\u0923\u093f\u092f\u093e\u0901<\/h3>\r\n\r\n\r\n\r\n<h3 class=\"wp-block-heading\">ondes thermiques \u092a\u0930 \u091f\u093f\u092a\u094d\u092a\u0923\u093f\u092f\u093e\u0901<\/h3>","protected":false},"excerpt":{"rendered":"<p>Qui sommes - nous l'adresse de notre site est: http:\/\/www.grano-heat.com Comment et pourquoi nous collectons des donn\u00e9es personnelles commentaires lorsqu'un visiteur laisse un commentaire, nous collectons les donn\u00e9es affich\u00e9es dans le formulaire de commentaire, ainsi que l'adresse IP du visiteur et la cha\u00eene user agent du Navigateur pour aider \u00e0 v\u00e9rifier les commentaires ind\u00e9sirables. Une cha\u00eene anonymis\u00e9e (\u00e9galement appel\u00e9e hachage) g\u00e9n\u00e9r\u00e9e par votre adresse e - mail peut \u00eatre fournie au service gravatar pour confirmer votre utilisation du service. La politique de confidentialit\u00e9 du Service gravatar est ici: https:\/\/automattic.com\/privacy\/ . Une fois votre commentaire approuv\u00e9, votre photo de profil sera affich\u00e9e publiquement \u00e0 c\u00f4t\u00e9 de votre commentaire. M\u00e9dias si vous t\u00e9l\u00e9chargez des images sur ce site, vous devez \u00e9viter de t\u00e9l\u00e9charger des images avec des informations de g\u00e9olocalisation int\u00e9gr\u00e9es (EXIF GPS). Les visiteurs de ce site pourront t\u00e9l\u00e9charger et extraire les informations de localisation dans les images de ce site. Formulaire de contact cookies si vous laissez un commentaire sur notre site, vous pouvez choisir d'enregistrer votre nom, votre adresse e - mail et votre site Web avec des cookies. Cela vous facilite la t\u00e2che en vous permettant de ne pas remplir \u00e0 nouveau le contenu pertinent lorsque vous Commentez. Ces cookies sont conserv\u00e9s pendant un an. Si vous visitez notre page de destination, nous installons un cookie temporaire pour confirmer que votre navigateur accepte ou non les cookies. Ce cookie ne contient pas de donn\u00e9es personnelles et est supprim\u00e9 lorsque vous fermez votre navigateur. Lorsque vous vous connectez, nous configurons \u00e9galement plusieurs cookies pour enregistrer vos informations de connexion et vos options d'affichage \u00e0 l'\u00e9cran. Les cookies de connexion restent deux jours, tandis que les cookies d'options d'affichage d'\u00e9cran restent un an. Si vous avez s\u00e9lectionn\u00e9 \u00ab se souvenir de moi \u00bb, votre login est conserv\u00e9 pendant deux semaines. Si vous vous d\u00e9connectez, les cookies de connexion sont supprim\u00e9s. Si vous modifiez ou Publiez un article, nous enregistrons un cookie suppl\u00e9mentaire dans votre navigateur. Ce cookie ne contient pas de donn\u00e9es personnelles mais enregistre uniquement l\u2019identifiant de l\u2019article que vous venez de modifier. Ce petit g\u00e2teau reste une journ\u00e9e. Contenu int\u00e9gr\u00e9 d'autres sites les articles de ce site peuvent contenir du contenu int\u00e9gr\u00e9 (comme des vid\u00e9os, des images, des articles, etc.). Il n'y a aucune diff\u00e9rence entre le comportement du contenu int\u00e9gr\u00e9 provenant d'autres sites et votre acc\u00e8s direct \u00e0 ces autres sites. Ces sites peuvent collecter des donn\u00e9es vous concernant, utiliser des cookies, int\u00e9grer des traceurs tiers suppl\u00e9mentaires et surveiller votre interaction avec ces contenus int\u00e9gr\u00e9s, y compris le suivi de votre interaction avec ces contenus int\u00e9gr\u00e9s lorsque vous avez un compte sur ces sites et que vous y \u00eates connect\u00e9. Statistiques avec qui nous partageons vos informations combien de temps nous conservons vos informations si vous laissez un commentaire, le commentaire et ses m\u00e9tadonn\u00e9es seront conserv\u00e9s ind\u00e9finiment. Nous le faisons de mani\u00e8re \u00e0 pouvoir identifier et approuver automatiquement les commentaires ult\u00e9rieurs sans les ajouter \u00e0 la file d'attente. Pour les utilisateurs enregistr\u00e9s de ce site, nous conservons \u00e9galement les informations personnelles fournies par les utilisateurs dans leur profil. Tous les utilisateurs peuvent consulter, modifier ou supprimer leurs informations personnelles \u00e0 tout moment (\u00e0 l\u2019exception de leur nom d\u2019utilisateur), et les administrateurs du site peuvent \u00e9galement consulter et modifier ces informations. Quels sont vos droits concernant vos informations si vous avez un compte sur ce site ou si vous avez d\u00e9j\u00e0 laiss\u00e9 un commentaire, vous pouvez nous demander un fichier d'exportation des donn\u00e9es personnelles que nous d\u00e9tenons \u00e0 votre sujet, qui comprend \u00e9galement toutes les donn\u00e9es que vous nous avez fournies. Vous pouvez \u00e9galement nous demander d\u2019effacer toutes les donn\u00e9es personnelles vous concernant. Cela ne comprend pas les donn\u00e9es que nous devons conserver pour des raisons administratives, r\u00e9glementaires ou de s\u00e9curit\u00e9. Les commentaires des visiteurs auxquels nous envoyons vos informations peuvent \u00eatre v\u00e9rifi\u00e9s par le Service de surveillance automatique des commentaires ind\u00e9sirables. Vos coordonn\u00e9es autres informations comment nous prot\u00e9geons vos donn\u00e9es quels processus de traitement des violations de donn\u00e9es nous avons quels tiers nous recevons des donn\u00e9es quelles d\u00e9cisions automatis\u00e9es nous prenons via les donn\u00e9es des utilisateurs et \/ ou les exigences de divulgation r\u00e9glementaires de l'industrie<\/p>","protected":false},"author":1,"featured_media":0,"parent":0,"menu_order":10,"comment_status":"closed","ping_status":"closed","template":"Privacy_Policy.php","meta":{"footnotes":""},"class_list":["post-3","page","type-page","status-publish","hentry"],"_links":{"self":[{"href":"https:\/\/www.grano-heat.com\/fr\/wp-json\/wp\/v2\/pages\/3","targetHints":{"allow":["GET"]}}],"collection":[{"href":"https:\/\/www.grano-heat.com\/fr\/wp-json\/wp\/v2\/pages"}],"about":[{"href":"https:\/\/www.grano-heat.com\/fr\/wp-json\/wp\/v2\/types\/page"}],"author":[{"embeddable":true,"href":"https:\/\/www.grano-heat.com\/fr\/wp-json\/wp\/v2\/users\/1"}],"replies":[{"embeddable":true,"href":"https:\/\/www.grano-heat.com\/fr\/wp-json\/wp\/v2\/comments?post=3"}],"version-history":[{"count":2,"href":"https:\/\/www.grano-heat.com\/fr\/wp-json\/wp\/v2\/pages\/3\/revisions"}],"predecessor-version":[{"id":6,"href":"https:\/\/www.grano-heat.com\/fr\/wp-json\/wp\/v2\/pages\/3\/revisions\/6"}],"wp:attachment":[{"href":"https:\/\/www.grano-heat.com\/fr\/wp-json\/wp\/v2\/media?parent=3"}],"curies":[{"name":"WP","href":"https:\/\/api.w.org\/{rel}","templated":true}]}}