{"id":2,"date":"2020-05-11T16:19:58","date_gmt":"2020-05-11T08:19:58","guid":{"rendered":"http:\/\/www.grano-heat.com\/?page_id=2"},"modified":"2025-06-13T12:36:31","modified_gmt":"2025-06-13T04:36:31","slug":"home","status":"publish","type":"page","link":"https:\/\/www.grano-heat.com\/fr\/","title":{"rendered":"HISAKA  Commentaires \u00e0"},"content":{"rendered":"<p>Commentaires : HISAKA<\/p>\r\n\r\n\r\n<blockquote class=\"wp-block-quote is-layout-flow wp-block-quote-is-layout-flow\">\r\n<p>Commentaires sur : Shell and Tube HeatExchanger<\/p>\r\n<\/blockquote>\r\n\r\n\r\n<p>Commentaires sur: \u00c9changeur de chaleur Shell and Tube<\/p>\r\n\r\n\r\n<blockquote class=\"wp-block-quote is-layout-flow wp-block-quote-is-layout-flow\">\r\n<p>Commentaires en: \u00c9changeur de chaleur \u00e0 coquille et \u00e0 tube<\/p>\r\n<\/blockquote>\r\n\r\n\r\n<p>lun, 25 ao\u00fbt 2025 06:59:26 0000<a href=\"http:\/\/www.grano-heat.com\/wp-admin\/\">Commentaires sur : Alfa Laval<\/a>lun, 25 ao\u00fbt 2025 07:09:24 0000<\/p>","protected":false},"excerpt":{"rendered":"<p>Commentaires sur : HISAKA<\/p>","protected":false},"author":1,"featured_media":0,"parent":0,"menu_order":3,"comment_status":"closed","ping_status":"closed","template":"index.php","meta":{"footnotes":""},"class_list":["post-2","page","type-page","status-publish","hentry"],"_links":{"self":[{"href":"https:\/\/www.grano-heat.com\/fr\/wp-json\/wp\/v2\/pages\/2","targetHints":{"allow":["GET"]}}],"collection":[{"href":"https:\/\/www.grano-heat.com\/fr\/wp-json\/wp\/v2\/pages"}],"about":[{"href":"https:\/\/www.grano-heat.com\/fr\/wp-json\/wp\/v2\/types\/page"}],"author":[{"embeddable":true,"href":"https:\/\/www.grano-heat.com\/fr\/wp-json\/wp\/v2\/users\/1"}],"replies":[{"embeddable":true,"href":"https:\/\/www.grano-heat.com\/fr\/wp-json\/wp\/v2\/comments?post=2"}],"version-history":[{"count":194,"href":"https:\/\/www.grano-heat.com\/fr\/wp-json\/wp\/v2\/pages\/2\/revisions"}],"predecessor-version":[{"id":3280,"href":"https:\/\/www.grano-heat.com\/fr\/wp-json\/wp\/v2\/pages\/2\/revisions\/3280"}],"wp:attachment":[{"href":"https:\/\/www.grano-heat.com\/fr\/wp-json\/wp\/v2\/media?parent=2"}],"curies":[{"name":"WP","href":"https:\/\/api.w.org\/{rel}","templated":true}]}}