{"id":3,"date":"2020-05-11T16:19:58","date_gmt":"2020-05-11T08:19:58","guid":{"rendered":"http:\/\/www.grano-heat.com\/?page_id=3"},"modified":"2020-05-11T16:31:49","modified_gmt":"2020-05-11T08:31:49","slug":"privacy-policy","status":"publish","type":"page","link":"https:\/\/www.grano-heat.com\/es\/privacy-policy\/","title":{"rendered":"Pol\u00edtica de privacidad"},"content":{"rendered":"<h2 class=\"wp-block-heading\">Comentarios en: API-Schmidt<\/h2>\r\n\r\n\r\n\r\n<p>\u6211\u4eec\u7684\u7ad9\u70b9\u5730\u5740\u662f\uff1ahttp:\/\/www.grano-heat.com\u3002<\/p>\r\n\r\n\r\n\r\n<h2 class=\"wp-block-heading\">Comentarios en: Funke<\/h2>\r\n\r\n\r\n\r\n<h3 class=\"wp-block-heading\">Lun, 25 Ago 2025 07:02:59 0000<\/h3>\r\n\r\n\r\n\r\n<p>Comentarios en: Sondex<\/p>\r\n\r\n\r\n\r\n<p>\u7531\u60a8\u7684\u7535\u5b50\u90ae\u4ef6\u5730\u5740\u6240\u751f\u6210\u7684\u533f\u540d\u5316\u5b57\u7b26\u4e32\uff08\u53c8\u79f0\u4e3a\u54c8\u5e0c\uff09\u53ef\u80fd\u4f1a\u88ab\u63d0\u4f9b\u7ed9Gravatar\u670d\u52a1\u786e\u8ba4\u60a8\u662f\u5426\u6709\u4f7f\u7528\u8be5\u670d\u52a1\u3002Gravatar\u670d\u52a1\u7684\u9690\u79c1\u653f\u7b56\u5728\u6b64\uff1ahttps:\/\/automattic.com\/privacy\/\u3002\u5728\u60a8\u7684\u8bc4\u8bba\u83b7\u6279\u51c6\u540e\uff0c\u60a8\u7684\u8d44\u6599\u56fe\u7247\u5c06\u5728\u60a8\u7684\u8bc4\u8bba\u65c1\u516c\u5f00\u5c55\u793a\u3002<\/p>\r\n\r\n\r\n\r\n<h3 class=\"wp-block-heading\">Comentarios en: SWEP-TRANTER<\/h3>\r\n\r\n\r\n\r\n<p>Lun, 25 Ago 2025 07:14:36 0000<\/p>\r\n\r\n\r\n\r\n<h3 class=\"wp-block-heading\">Comentarios en: Thermowave<\/h3>\r\n\r\n\r\n\r\n<h3 class=\"wp-block-heading\">\u8bc4\u8bba\uff1a\u963f\u5c14\u6cd5\u00b7\u62c9\u74e6\u5c14<\/h3>\r\n\r\n\r\n\r\n<p>\u8bc4\u8bba\uff1aAPI-Schmidt<\/p>\r\n\r\n\r\n\r\n<p>\u8bc4\u8bba\uff1a\u51af\u514b<\/p>\r\n\r\n\r\n\r\n<p>\u8bc4\u8bba\uff1aSondex<\/p>\r\n\r\n\r\n\r\n<p>\u8bc4\u8bba\uff1aSwep-Tranter<\/p>\r\n\r\n\r\n\r\n<h3 class=\"wp-block-heading\">\u8bc4\u8bba\uff1a\u70ed\u6ce2<\/h3>\r\n\r\n\r\n\r\n<p>Comentarios en: Intercambiador de calor de placa soldada<\/p>\r\n\r\n\r\n\r\n<p>Intercambiador de calor de placa soldada \u092a\u0930 \u091f\u093f\u092a\u094d\u092a\u0923\u093f\u092f\u093e\u0901<\/p>\r\n\r\n\r\n\r\n<h3 class=\"wp-block-heading\">Comentarios de: Intercambiador de calor de placa soldada<\/h3>\r\n\r\n\r\n\r\n<h2 class=\"wp-block-heading\">Brazed Plate Heat Exchanger  Comentarios a<\/h2>\r\n\r\n\r\n\r\n<h2 class=\"wp-block-heading\">Comentarios en: Intercambiador de calor de placa soldada<\/h2>\r\n\r\n\r\n\r\n<p>Comentarios: Intercambiador de calor de placa soldada<\/p>\r\n\r\n\r\n\r\n<p>Comentarios en: ALFA LAVAL<\/p>\r\n\r\n\r\n\r\n<h2 class=\"wp-block-heading\">Comentarios en: API-Schmidt<\/h2>\r\n\r\n\r\n\r\n<p>Comentarios en: Funke<\/p>\r\n\r\n\r\n\r\n<h2 class=\"wp-block-heading\">Comentarios en: Sondex<\/h2>\r\n\r\n\r\n\r\n<p>Comentarios en: SWEP-TRANTER<\/p>\r\n\r\n\r\n\r\n<h2 class=\"wp-block-heading\">Comentarios en: Thermowave<\/h2>\r\n\r\n\r\n\r\n<h2 class=\"wp-block-heading\">ALFA LAVAL \u092a\u0930 \u091f\u093f\u092a\u094d\u092a\u0923\u093f\u092f\u093e\u0901<\/h2>\r\n\r\n\r\n\r\n<h3 class=\"wp-block-heading\">API-Schmidt \u092a\u0930 \u091f\u093f\u092a\u094d\u092a\u0923\u093f\u092f\u093e\u0901<\/h3>\r\n\r\n\r\n\r\n<h3 class=\"wp-block-heading\">Funke \u092a\u0930 \u091f\u093f\u092a\u094d\u092a\u0923\u093f\u092f\u093e\u0901<\/h3>\r\n\r\n\r\n\r\n<h3 class=\"wp-block-heading\">Sondex \u092a\u0930 \u091f\u093f\u092a\u094d\u092a\u0923\u093f\u092f\u093e\u0901<\/h3>\r\n\r\n\r\n\r\n<h3 class=\"wp-block-heading\">SWEP-TRANTER \u092a\u0930 \u091f\u093f\u092a\u094d\u092a\u0923\u093f\u092f\u093e\u0901<\/h3>\r\n\r\n\r\n\r\n<h3 class=\"wp-block-heading\">Ondas t\u00e9rmicas \u092a\u0930 \u091f\u093f\u092a\u094d\u092a\u0923\u093f\u092f\u093e\u0901<\/h3>","protected":false},"excerpt":{"rendered":"<p>Qui\u00e9nes somos nosotros y la direcci\u00f3n de nuestro sitio es: http:\/\/www.grano-heat.com . qu\u00e9 y por qu\u00e9 recopilamos comentarios de datos personales cuando un visitante deja un comentario, recopilamos los datos mostrados en el formulario de comentarios, as\u00ed como la direcci\u00f3n IP del visitante y la cadena del agente de usuario del navegador para ayudar a revisar los comentarios basura. La cadena anonimizada (tambi\u00e9n conocida como hash) generada por su direcci\u00f3n de correo electr\u00f3nico puede ser proporcionada al servicio gravatar para confirmar si ha utilizado el servicio. La pol\u00edtica de privacidad del servicio gravatar est\u00e1 aqu\u00ed: https:\/\/automattic.com\/privacy\/ . despu\u00e9s de que su comentario sea aprobado, sus im\u00e1genes de perfil se mostrar\u00e1n p\u00fablicamente junto a su comentario. Medios si sube im\u00e1genes a este sitio web, debe evitar subir im\u00e1genes con informaci\u00f3n de ubicaci\u00f3n geogr\u00e1fica incrustada (exif gps). Los visitantes de este sitio web podr\u00e1n descargar y extraer informaci\u00f3n de ubicaci\u00f3n de las im\u00e1genes de este sitio Web. Cookies del formulario de contacto si deja comentarios en nuestro sitio, puede optar por guardar su nombre, direcci\u00f3n de correo electr\u00f3nico y sitio web con cookies. Esto le facilita al permitirle no tener que rellenar el contenido relevante al comentar. Estas cookies se mantendr\u00e1n durante un a\u00f1o. Si accede a nuestra p\u00e1gina de inicio de sesi\u00f3n, configuraremos una Cookie temporal para confirmar si su navegador acepta cookies. Esta Cookie no contiene datos personales y se descartar\u00e1 cuando cierre su navegador. Cuando inicie sesi\u00f3n, tambi\u00e9n configuraremos varias cookies para guardar su informaci\u00f3n de inicio de sesi\u00f3n y las opciones de visualizaci\u00f3n de la pantalla. Las cookies de inicio de sesi\u00f3n se mantienen durante dos d\u00edas, mientras que las cookies de opci\u00f3n de visualizaci\u00f3n en pantalla se mantienen durante un a\u00f1o. Si elige \"recu\u00e9rdame\", su inicio de sesi\u00f3n se mantendr\u00e1 durante dos semanas. Si se cancela, se eliminar\u00e1n las cookies de inicio de sesi\u00f3n. Si edita o publica un art\u00edculo, guardaremos una Cookie adicional en su navegador. Esta Cookie no contiene datos personales y solo registra el id del art\u00edculo que acaba de editar. esta galleta se quedar\u00e1 un d\u00eda. Contenido incrustado de otros sitios los art\u00edculos en este sitio pueden contener contenido incrustado (como videos, im\u00e1genes, art\u00edculos, etc.). El comportamiento del contenido incrustado de otros sitios no es diferente del acceso directo a estos otros sitios. Estos sitios pueden recopilar datos sobre usted, usar cookies, incrustar programas adicionales de rastreo de terceros y monitorear su interacci\u00f3n con estos contenidos incrustados, incluido el seguimiento de su interacci\u00f3n con los contenidos incrustados cuando tenga cuentas de estos sitios e inicie sesi\u00f3n en ellos. Cuenta con qui\u00e9n compartimos su informaci\u00f3n cu\u00e1nto tiempo conservamos su informaci\u00f3n si deja comentarios, comentarios y sus metadatos se guardar\u00e1n indefinidamente. Lo hacemos para poder identificar y aprobar autom\u00e1ticamente cualquier comentario posterior sin tener que agregarlo a la cola pendiente de juicio. Para los usuarios registrados en este sitio web, tambi\u00e9n guardaremos la informaci\u00f3n personal proporcionada por el usuario en el perfil. Todos los usuarios pueden ver, editar o eliminar su informaci\u00f3n personal en cualquier momento (adem\u00e1s de no cambiar el nombre de usuario), y los administradores del sitio tambi\u00e9n pueden ver y editar esa informaci\u00f3n. \u00bf cu\u00e1les son sus derechos sobre su informaci\u00f3n si tiene una cuenta en este sitio o ha dejado un comentario, puede solicitarnos el archivo de exportaci\u00f3n de sus datos personales que tenemos, que tambi\u00e9n incluye todos los datos que nos proporcion\u00f3. Tambi\u00e9n puede pedirnos que borremos todos los datos personales sobre usted. Esto no incluye los datos que debemos mantener debido a necesidades regulatorias, regulatorias o de Seguridad. A qu\u00e9 visitantes enviamos su mensaje para comentar puede ser verificado por el servicio autom\u00e1tico de monitoreo de comentarios basura. \u00bfSu informaci\u00f3n de contacto otra informaci\u00f3n \u00bf C\u00f3mo protegemos sus datos? Qu\u00e9 tipo de proceso de filtraci\u00f3n de datos tenemos? De qu\u00e9 terceros recibimos datos. \u00bf qu\u00e9 tipo de decisiones autom\u00e1ticas tomamos a trav\u00e9s de los datos del usuario y \/ o resumimos los requisitos de divulgaci\u00f3n regulatoria de la industria?<\/p>","protected":false},"author":1,"featured_media":0,"parent":0,"menu_order":10,"comment_status":"closed","ping_status":"closed","template":"Privacy_Policy.php","meta":{"footnotes":""},"class_list":["post-3","page","type-page","status-publish","hentry"],"_links":{"self":[{"href":"https:\/\/www.grano-heat.com\/es\/wp-json\/wp\/v2\/pages\/3","targetHints":{"allow":["GET"]}}],"collection":[{"href":"https:\/\/www.grano-heat.com\/es\/wp-json\/wp\/v2\/pages"}],"about":[{"href":"https:\/\/www.grano-heat.com\/es\/wp-json\/wp\/v2\/types\/page"}],"author":[{"embeddable":true,"href":"https:\/\/www.grano-heat.com\/es\/wp-json\/wp\/v2\/users\/1"}],"replies":[{"embeddable":true,"href":"https:\/\/www.grano-heat.com\/es\/wp-json\/wp\/v2\/comments?post=3"}],"version-history":[{"count":2,"href":"https:\/\/www.grano-heat.com\/es\/wp-json\/wp\/v2\/pages\/3\/revisions"}],"predecessor-version":[{"id":6,"href":"https:\/\/www.grano-heat.com\/es\/wp-json\/wp\/v2\/pages\/3\/revisions\/6"}],"wp:attachment":[{"href":"https:\/\/www.grano-heat.com\/es\/wp-json\/wp\/v2\/media?parent=3"}],"curies":[{"name":"WP","href":"https:\/\/api.w.org\/{rel}","templated":true}]}}