{"id":3,"date":"2020-05-11T16:19:58","date_gmt":"2020-05-11T08:19:58","guid":{"rendered":"http:\/\/www.grano-heat.com\/?page_id=3"},"modified":"2020-05-11T16:31:49","modified_gmt":"2020-05-11T08:31:49","slug":"privacy-policy","status":"publish","type":"page","link":"https:\/\/www.grano-heat.com\/de\/privacy-policy\/","title":{"rendered":"Datenschutzerkl\u00e4rung"},"content":{"rendered":"<h2 class=\"wp-block-heading\">Kommentare zu: API-Schmidt<\/h2>\r\n\r\n\r\n\r\n<p>\u6211\u4eec\u7684\u7ad9\u70b9\u5730\u5740\u662f\uff1ahttp:\/\/www.grano-heat.com\u3002<\/p>\r\n\r\n\r\n\r\n<h2 class=\"wp-block-heading\">Kommentare zu: Funke<\/h2>\r\n\r\n\r\n\r\n<h3 class=\"wp-block-heading\">Mo, 25 Aug 2025 07:02:59 0000<\/h3>\r\n\r\n\r\n\r\n<p>Kommentare zu: Sondex<\/p>\r\n\r\n\r\n\r\n<p>\u7531\u60a8\u7684\u7535\u5b50\u90ae\u4ef6\u5730\u5740\u6240\u751f\u6210\u7684\u533f\u540d\u5316\u5b57\u7b26\u4e32\uff08\u53c8\u79f0\u4e3a\u54c8\u5e0c\uff09\u53ef\u80fd\u4f1a\u88ab\u63d0\u4f9b\u7ed9Gravatar\u670d\u52a1\u786e\u8ba4\u60a8\u662f\u5426\u6709\u4f7f\u7528\u8be5\u670d\u52a1\u3002Gravatar\u670d\u52a1\u7684\u9690\u79c1\u653f\u7b56\u5728\u6b64\uff1ahttps:\/\/automattic.com\/privacy\/\u3002\u5728\u60a8\u7684\u8bc4\u8bba\u83b7\u6279\u51c6\u540e\uff0c\u60a8\u7684\u8d44\u6599\u56fe\u7247\u5c06\u5728\u60a8\u7684\u8bc4\u8bba\u65c1\u516c\u5f00\u5c55\u793a\u3002<\/p>\r\n\r\n\r\n\r\n<h3 class=\"wp-block-heading\">Kommentare zu: SWEP-TRANTER<\/h3>\r\n\r\n\r\n\r\n<p>Mo, 25 Aug 2025 07:14:36 0000<\/p>\r\n\r\n\r\n\r\n<h3 class=\"wp-block-heading\">Kommentare zu: Thermowave<\/h3>\r\n\r\n\r\n\r\n<h3 class=\"wp-block-heading\">Kommentare zu: ALFA LAVAL<\/h3>\r\n\r\n\r\n\r\n<p>Kommentare zu: API-Schmidt<\/p>\r\n\r\n\r\n\r\n<p>Kommentare zu: Funke<\/p>\r\n\r\n\r\n\r\n<p>Kommentare zu: Sondex<\/p>\r\n\r\n\r\n\r\n<p>Kommentare zu: SWEP-TRANTER<\/p>\r\n\r\n\r\n\r\n<h3 class=\"wp-block-heading\">Kommentare zu: Thermowave<\/h3>\r\n\r\n\r\n\r\n<p>Kommentare zu: Gel\u00f6tter Plattenw\u00e4rmetauscher<\/p>\r\n\r\n\r\n\r\n<p>Gel\u00f6teter Plattenw\u00e4rmetauscher \u092a\u0930 \u091f\u093f\u092a\u094d\u092a\u0923\u093f\u092f\u093e\u0901<\/p>\r\n\r\n\r\n\r\n<h3 class=\"wp-block-heading\">Kommentare zu: Gel\u00f6tete Platte W\u00e4rmetauscher<\/h3>\r\n\r\n\r\n\r\n<h2 class=\"wp-block-heading\">Brazed Plate Heat Exchanger  Kommentare zu<\/h2>\r\n\r\n\r\n\r\n<h2 class=\"wp-block-heading\">Kommentare zu: Gel\u00f6tter Plattenw\u00e4rmetauscher<\/h2>\r\n\r\n\r\n\r\n<p>Kommentare: Gel\u00f6tete Platte W\u00e4rmetauscher<\/p>\r\n\r\n\r\n\r\n<p>Kommentare zu: ALFA LAVAL<\/p>\r\n\r\n\r\n\r\n<h2 class=\"wp-block-heading\">Kommentare zu: API-Schmidt<\/h2>\r\n\r\n\r\n\r\n<p>Kommentare zu: Funke<\/p>\r\n\r\n\r\n\r\n<h2 class=\"wp-block-heading\">Kommentare zu: Sondex<\/h2>\r\n\r\n\r\n\r\n<p>Kommentare zu: SWEP-TRANTER<\/p>\r\n\r\n\r\n\r\n<h2 class=\"wp-block-heading\">Kommentare zu: Thermowave<\/h2>\r\n\r\n\r\n\r\n<h2 class=\"wp-block-heading\">ALFA LAVAL \u092a\u0930 \u091f\u093f\u092a\u094d\u092a\u0923\u093f\u092f\u093e\u0901<\/h2>\r\n\r\n\r\n\r\n<h3 class=\"wp-block-heading\">API-Schmidt \u092a\u0930 \u091f\u093f\u092a\u094d\u092a\u0923\u093f\u092f\u093e\u0901<\/h3>\r\n\r\n\r\n\r\n<h3 class=\"wp-block-heading\">Funke \u092a\u0930 \u091f\u093f\u092a\u094d\u092a\u0923\u093f\u092f\u093e\u0901<\/h3>\r\n\r\n\r\n\r\n<h3 class=\"wp-block-heading\">Sondex \u092a\u0930 \u091f\u093f\u092a\u094d\u092a\u0923\u093f\u092f\u093e\u0901<\/h3>\r\n\r\n\r\n\r\n<h3 class=\"wp-block-heading\">SWEP-TRANTER \u092a\u0930 \u091f\u093f\u092a\u094d\u092a\u0923\u093f\u092f\u093e\u0901<\/h3>\r\n\r\n\r\n\r\n<h3 class=\"wp-block-heading\">Thermowelle \u092a\u0930 \u091f\u093f\u092a\u094d\u092a\u0923\u093f\u092f\u093e\u0901<\/h3>","protected":false},"excerpt":{"rendered":"<p>Wer wir sind Unsere Website ist: http:\/\/www.grano-heat.com Wenn ein Besucher einen Kommentar hinterl\u00e4sst, sammeln wir die Daten, die im Kommentarformular angezeigt werden, sowie die IP-Adresse des Besuchers und die User-Agent-Zeichenfolge seines Browsers, um Spam-Kommentare zu \u00fcberpr\u00fcfen. Eine anonymisierte Zeichenfolge, die von Ihrer E-Mail-Adresse generiert wird (auch als Hash bezeichnet), kann dem Gravatar-Dienst zur Best\u00e4tigung der Benutzung des Dienstes zur Verf\u00fcgung gestellt werden. Die Datenschutzrichtlinie des Gravatar-Dienstes ist hier: https:\/\/automattic.com\/privacy\/ Nachdem Ihr Kommentar genehmigt wurde, wird Ihr Profilbild neben Ihrem Kommentar \u00f6ffentlich angezeigt. Medien Wenn Sie Bilder auf diese Website hochladen, sollten Sie vermeiden, Bilder mit eingebetteten Geopositionsinformationen (EXIF GPS) hochzuladen. Besucher dieser Website k\u00f6nnen Standortinformationen aus Bildern dieser Website herunterladen und extrahieren. Kontaktformular Cookies Wenn Sie einen Kommentar auf unserer Website hinterlassen, haben Sie die M\u00f6glichkeit, Ihren Namen, Ihre E-Mail-Adresse und Ihre Website mit Cookies zu speichern. Dies erleichtert Ihnen, indem Sie es erm\u00f6glichen, den Inhalt beim Kommentar nicht erneut auszuf\u00fcllen. Diese Cookies bleiben ein Jahr lang. Wenn Sie unsere Anmeldeseite besuchen, setzen wir ein tempor\u00e4res Cookie, um zu best\u00e4tigen, ob Ihr Browser Cookies akzeptiert. Dieses Cookie enth\u00e4lt keine personenbezogenen Daten und wird beim Schlie\u00dfen Ihres Browsers verloren gegangen. Wenn Sie sich anmelden, setzen wir auch mehrere Cookies, um Ihre Anmeldeinformationen und die Anzeigeoptionen zu speichern. Die Anmeldecookies bleiben zwei Tage lang, w\u00e4hrend die Optionscookies f\u00fcr die Bildschirmausgabe ein Jahr lang bleiben. Wenn Sie \"Mir erinnern\" ausw\u00e4hlen, bleibt Ihre Anmeldung f\u00fcr zwei Wochen erhalten. Wenn Sie sich abmelden, werden die Anmeldecookies gel\u00f6scht. Wenn Sie einen Artikel bearbeiten oder ver\u00f6ffentlichen, speichern wir ein zus\u00e4tzliches Cookie in Ihrem Browser. Dieses Cookie enth\u00e4lt keine pers\u00f6nlichen Daten und speichert nur die ID des Artikels, den Sie gerade bearbeitet haben. Dieser kleine Kuchen bleibt einen Tag lang. Einbettete Inhalte auf anderen Websites Artikel auf dieser Website k\u00f6nnen eingebettete Inhalte (z. B. Videos, Bilder, Artikel usw.) enthalten. Das Verhalten von eingebetteten Inhalten von anderen Websites unterscheidet sich nicht von Ihrem direkten Zugriff auf diese anderen Websites. Diese Websites k\u00f6nnen Daten \u00fcber Sie sammeln, Cookies verwenden, zus\u00e4tzliche Tracking-Programme von Drittanbietern einbetten und Ihre Interaktion mit diesen eingebetteten Inhalten \u00fcberwachen, einschlie\u00dflich Ihrer Interaktion mit eingebetteten Inhalten, wenn Sie ein Konto auf diesen Websites haben und sich auf diesen Websites anmelden. Statistiken Mit wem wir Ihre Informationen teilen Wie lange speichern wir Ihre Informationen Wenn Sie einen Kommentar hinterlassen, werden Kommentare und ihre Metadaten unbegrenzt gespeichert. Wir tun dies, damit wir alle Nachfolgeanmerkungen automatisch erkennen und genehmigen k\u00f6nnen, ohne diese in die Warteschlange zu setzen. F\u00fcr registrierte Nutzer dieser Website speichern wir auch die pers\u00f6nlichen Daten, die Sie in Ihrem Profil angeben. Alle Benutzer k\u00f6nnen ihre pers\u00f6nlichen Informationen jederzeit anzeigen, bearbeiten oder l\u00f6schen (au\u00dfer, dass sie ihren Benutzernamen nicht \u00e4ndern k\u00f6nnen), und der Administrator der Website kann diese Informationen anzeigen und bearbeiten. Welche Rechte haben Sie auf Ihre Informationen Wenn Sie ein Konto auf dieser Website haben oder jemals einen Kommentar hinterlassen haben, k\u00f6nnen Sie uns bitten, eine Exportdatei der personenbezogenen Daten zu liefern, die wir \u00fcber Sie haben, einschlie\u00dflich aller Daten, die Sie uns zur Verf\u00fcgung stellen. Sie k\u00f6nnen auch verlangen, dass wir alle personenbezogenen Daten \u00fcber Sie l\u00f6schen. Dies umfasst keine Daten, die wir aufgrund von Verwaltungs-, regulatorischen oder Sicherheitsbedingungen aufbewahren m\u00fcssen. Besucher-Kommentare k\u00f6nnen von einem automatischen Spam-Kommentar-Monitoring-Service \u00fcberpr\u00fcft werden. Ihre Kontaktdaten Weitere Informationen Wie wir Ihre Daten sch\u00fctzen Welche Prozesse zur Verarbeitung von Datenverletzungen haben wir Von welchen Dritten wir Daten erhalten Welche automatisierten Entscheidungsfindungen und\/oder Zusammenfassungen wir \u00fcber Benutzerdaten treffen Branchenvorschriften zur Offenlegung<\/p>","protected":false},"author":1,"featured_media":0,"parent":0,"menu_order":10,"comment_status":"closed","ping_status":"closed","template":"Privacy_Policy.php","meta":{"footnotes":""},"class_list":["post-3","page","type-page","status-publish","hentry"],"_links":{"self":[{"href":"https:\/\/www.grano-heat.com\/de\/wp-json\/wp\/v2\/pages\/3","targetHints":{"allow":["GET"]}}],"collection":[{"href":"https:\/\/www.grano-heat.com\/de\/wp-json\/wp\/v2\/pages"}],"about":[{"href":"https:\/\/www.grano-heat.com\/de\/wp-json\/wp\/v2\/types\/page"}],"author":[{"embeddable":true,"href":"https:\/\/www.grano-heat.com\/de\/wp-json\/wp\/v2\/users\/1"}],"replies":[{"embeddable":true,"href":"https:\/\/www.grano-heat.com\/de\/wp-json\/wp\/v2\/comments?post=3"}],"version-history":[{"count":2,"href":"https:\/\/www.grano-heat.com\/de\/wp-json\/wp\/v2\/pages\/3\/revisions"}],"predecessor-version":[{"id":6,"href":"https:\/\/www.grano-heat.com\/de\/wp-json\/wp\/v2\/pages\/3\/revisions\/6"}],"wp:attachment":[{"href":"https:\/\/www.grano-heat.com\/de\/wp-json\/wp\/v2\/media?parent=3"}],"curies":[{"name":"WP","href":"https:\/\/api.w.org\/{rel}","templated":true}]}}